{"id":2509,"date":"2023-11-07T16:28:45","date_gmt":"2023-11-07T19:28:45","guid":{"rendered":"https:\/\/mujeresxlanacion.org\/?page_id=2509"},"modified":"2024-12-09T13:32:27","modified_gmt":"2024-12-09T16:32:27","slug":"contacto","status":"publish","type":"page","link":"https:\/\/mujeresxlanacion.org\/en\/contacto\/","title":{"rendered":"Contact"},"content":{"rendered":"<div data-elementor-type=\"wp-page\" data-elementor-id=\"2509\" class=\"elementor elementor-2509\" data-elementor-post-type=\"page\">\n\t\t\t\t\t\t<section class=\"elementor-section elementor-top-section elementor-element elementor-element-545cca0 elementor-section-height-min-height elementor-section-boxed elementor-section-height-default elementor-section-items-middle\" data-id=\"545cca0\" data-element_type=\"section\" data-settings=\"{&quot;background_background&quot;:&quot;classic&quot;}\">\n\t\t\t\t\t\t\t<div class=\"elementor-background-overlay\"><\/div>\n\t\t\t\t\t\t\t<div class=\"elementor-container elementor-column-gap-default\">\n\t\t\t\t\t<div class=\"elementor-column elementor-col-100 elementor-top-column elementor-element elementor-element-94c9e66\" data-id=\"94c9e66\" data-element_type=\"column\">\n\t\t\t<div class=\"elementor-widget-wrap elementor-element-populated\">\n\t\t\t\t\t\t<div class=\"elementor-element elementor-element-c8f2296 elementor-widget__width-auto de_scroll_animation_no elementor-widget elementor-widget-heading bdevs-el heading\" data-id=\"c8f2296\" data-element_type=\"widget\" data-settings=\"{&quot;design_style&quot;:&quot;style_1&quot;}\" data-widget_type=\"heading.default\">\n\t\t\t\t<div class=\"elementor-widget-container\">\n\t\t\t\n\n    \n\n                <div class=\"section__title-wrapper\">\n            \n           <h2 class=\"section__title bdevs-el-title\" data-wow-delay=\".2s\">Contact<\/h2>\n                    <\/div>\n                \n        \t\t<\/div>\n\t\t\t\t<\/div>\n\t\t\t\t\t<\/div>\n\t\t<\/div>\n\t\t\t\t\t<\/div>\n\t\t<\/section>\n\t\t\t\t<section class=\"elementor-section elementor-top-section elementor-element elementor-element-bd783d4 elementor-section-content-middle elementor-section-boxed elementor-section-height-default elementor-section-height-default\" data-id=\"bd783d4\" data-element_type=\"section\">\n\t\t\t\t\t\t<div class=\"elementor-container elementor-column-gap-default\">\n\t\t\t\t\t<div class=\"elementor-column elementor-col-50 elementor-top-column elementor-element elementor-element-6a065d0\" data-id=\"6a065d0\" data-element_type=\"column\">\n\t\t\t<div class=\"elementor-widget-wrap elementor-element-populated\">\n\t\t\t\t\t\t<div class=\"elementor-element elementor-element-3bae5e6 ekit_wpForms_container-form-button-full-width elementor-widget-mobile__width-initial de_scroll_animation_no elementor-widget elementor-widget-elementskit-wp-forms\" data-id=\"3bae5e6\" data-element_type=\"widget\" data-widget_type=\"elementskit-wp-forms.default\">\n\t\t\t\t<div class=\"elementor-widget-container\">\n\t\t\t<div class=\"ekit-wid-con ekit_wpForms_container\"><div class=\"wpforms-container wpforms-container-full\" id=\"wpforms-2557\"><form id=\"wpforms-form-2557\" class=\"wpforms-validate wpforms-form wpforms-ajax-form\" data-formid=\"2557\" method=\"post\" enctype=\"multipart\/form-data\" action=\"\/en\/wp-json\/wp\/v2\/pages\/2509\" data-token=\"ce9f247045f1fbca3cedc828a755d901\" data-token-time=\"1776571280\" data-trp-original-action=\"\/en\/wp-json\/wp\/v2\/pages\/2509\"><noscript class=\"wpforms-error-noscript\">Please enable JavaScript in your browser to complete this form.<\/noscript><div class=\"wpforms-field-container\"><div id=\"wpforms-2557-field_1-container\" class=\"wpforms-field wpforms-field-name\" data-field-id=\"1\"><label class=\"wpforms-field-label wpforms-label-hide\" for=\"wpforms-2557-field_1\">Name and Last Name <span class=\"wpforms-required-label\">*<\/span><\/label><div class=\"wpforms-field-row wpforms-field-large\"><div class=\"wpforms-field-row-block wpforms-first wpforms-one-half\"><input type=\"text\" id=\"wpforms-2557-field_1\" class=\"wpforms-field-name-first wpforms-field-required\" name=\"wpforms[fields][1][first]\" placeholder=\"Name\" required><label for=\"wpforms-2557-field_1\" class=\"wpforms-field-sublabel after wpforms-sublabel-hide\">First<\/label><\/div><div class=\"wpforms-field-row-block wpforms-one-half\"><input type=\"text\" id=\"wpforms-2557-field_1-last\" class=\"wpforms-field-name-last wpforms-field-required\" name=\"wpforms[fields][1][last]\" placeholder=\"Last name\" required><label for=\"wpforms-2557-field_1-last\" class=\"wpforms-field-sublabel after wpforms-sublabel-hide\">Last<\/label><\/div><\/div><\/div><div id=\"wpforms-2557-field_3-container\" class=\"wpforms-field wpforms-field-email\" data-field-id=\"3\"><label class=\"wpforms-field-label wpforms-label-hide\" for=\"wpforms-2557-field_3\">Email address <span class=\"wpforms-required-label\">*<\/span><\/label><input type=\"email\" id=\"wpforms-2557-field_3\" class=\"wpforms-field-large wpforms-field-required\" name=\"wpforms[fields][3]\" placeholder=\"Email address\" spellcheck=\"false\" required><\/div><div id=\"wpforms-2557-field_2-container\" class=\"wpforms-field wpforms-field-number\" data-field-id=\"2\"><label class=\"wpforms-field-label wpforms-label-hide\" for=\"wpforms-2557-field_2\">Telephone<\/label><input type=\"number\" id=\"wpforms-2557-field_2\" class=\"wpforms-field-large\" name=\"wpforms[fields][2]\" placeholder=\"Telephone\" step=\"any\" ><\/div><div id=\"wpforms-2557-field_5-container\" class=\"wpforms-field wpforms-field-select wpforms-field-select-style-classic\" data-field-id=\"5\"><label class=\"wpforms-field-label\" for=\"wpforms-2557-field_5\">Areas <span class=\"wpforms-required-label\">*<\/span><\/label><select id=\"wpforms-2557-field_5\" class=\"wpforms-field-large wpforms-field-required\" name=\"wpforms[fields][5]\" required=\"required\"><option value=\"Asistencia en violencia intrafamiliar\"  class=\"choice-1 depth-1\"  >Domestic Violence<\/option><option value=\"Abuso infantil\"  class=\"choice-4 depth-1\"  >Child Abuse<\/option><option value=\"Trata de Personas\"  class=\"choice-2 depth-1\"  >Human Trafficking<\/option><option value=\"Adicciones\"  class=\"choice-3 depth-1\"  >Addictions<\/option><option value=\"Embarazo vulnerable\"  class=\"choice-5 depth-1\"  >Vulnerable Pregnancy<\/option><\/select><\/div><div id=\"wpforms-2557-field_4-container\" class=\"wpforms-field wpforms-field-textarea\" data-field-id=\"4\"><label class=\"wpforms-field-label wpforms-label-hide\" for=\"wpforms-2557-field_4\">Comment<\/label><textarea id=\"wpforms-2557-field_4\" class=\"wpforms-field-medium wpforms-limit-characters-enabled\" data-form-id=\"2557\" data-field-id=\"4\" data-text-limit=\"300\" name=\"wpforms[fields][4]\" placeholder=\"Enter your comment\" maxlength=\"300\" ><\/textarea><\/div><\/div><!-- .wpforms-field-container --><div class=\"wpforms-recaptcha-container wpforms-is-recaptcha wpforms-is-recaptcha-type-v3\" ><input type=\"hidden\" name=\"wpforms[recaptcha]\" value=\"\"><\/div><div class=\"wpforms-submit-container\" ><input type=\"hidden\" name=\"wpforms[id]\" value=\"2557\"><input type=\"hidden\" name=\"page_title\" value=\"\"><input type=\"hidden\" name=\"page_url\" value=\"https:\/\/mujeresxlanacion.org\/en\/wp-json\/wp\/v2\/pages\/2509\"><input type=\"hidden\" name=\"url_referer\" value=\"\"><button type=\"submit\" name=\"wpforms[submit]\" id=\"wpforms-submit-2557\" class=\"wpforms-submit\" data-alt-text=\"Enviando...\" data-submit-text=\"Enviar\" aria-live=\"assertive\" value=\"wpforms-submit\">SEND<\/button><img decoding=\"async\" src=\"https:\/\/mujeresxlanacion.org\/wp-content\/plugins\/wpforms-lite\/assets\/images\/submit-spin.svg\" class=\"wpforms-submit-spinner\" style=\"display: none;\" width=\"26\" height=\"26\" alt=\"Loading\"><\/div><input type=\"hidden\" name=\"trp-form-language\" value=\"en\"\/><\/form><\/div>  <!-- .wpforms-container --><\/div>\t\t<\/div>\n\t\t\t\t<\/div>\n\t\t\t\t\t<\/div>\n\t\t<\/div>\n\t\t\t\t<div class=\"elementor-column elementor-col-50 elementor-top-column elementor-element elementor-element-ed748dd\" data-id=\"ed748dd\" data-element_type=\"column\" id=\"inf\">\n\t\t\t<div class=\"elementor-widget-wrap elementor-element-populated\">\n\t\t\t\t\t\t<div class=\"elementor-element elementor-element-3d79013 elementor-widget__width-initial elementor-widget elementor-widget-contact_info bdevs-el contact_info\" data-id=\"3d79013\" data-element_type=\"widget\" data-widget_type=\"contact_info.default\">\n\t\t\t\t<div class=\"elementor-widget-container\">\n\t\t\t        <section class=\"contact__help p-relative pt-115 pb-150\">\n                        <div class=\"container\">\n                <div class=\"row\">\n                    <div class=\"col-xl-5 offset-xl-1\">\n                        <div class=\"section__title section__title-3 mb-55 bdevs-el-content\">\n                            \n                            <h3 class=\"fadeInUp wow bdevs-el-title\" data-wow-delay=\".4s\"><\/h3>                        <\/div>\n                    <\/div>\n                <\/div>\n                <div class=\"row\">\n                                            <div class=\"col-xl-5 col-lg-6 col-md-6 offset-xl-1\">\n                            <div class=\"contact__help-item white-bg text-center mb-30 wow fadeInLeft2 bdevs-box-content\"\n                                 data-wow-delay=\".3s\">\n                                \n                                <div class=\"contact__text\">\n                                                                            <h3 class=\"bdevs-box-title\">Service number<\/h3>\n                                                                                                                <p>+54 9 11 5577-2406<\/p>\n                                                                                                        <\/div>\n                            <\/div>\n                        <\/div>\n                                    <\/div>\n            <\/div>\n        <\/section>\n\n        \t\t<\/div>\n\t\t\t\t<\/div>\n\t\t\t\t<div class=\"elementor-element elementor-element-956797f elementor-widget__width-initial elementor-widget elementor-widget-contact_info bdevs-el contact_info\" data-id=\"956797f\" data-element_type=\"widget\" data-widget_type=\"contact_info.default\">\n\t\t\t\t<div class=\"elementor-widget-container\">\n\t\t\t        <section class=\"contact__help p-relative pt-115 pb-150\">\n                        <div class=\"container\">\n                <div class=\"row\">\n                    <div class=\"col-xl-5 offset-xl-1\">\n                        <div class=\"section__title section__title-3 mb-55 bdevs-el-content\">\n                            \n                            <h3 class=\"fadeInUp wow bdevs-el-title\" data-wow-delay=\".4s\"><\/h3>                        <\/div>\n                    <\/div>\n                <\/div>\n                <div class=\"row\">\n                                            <div class=\"col-xl-5 col-lg-6 col-md-6 offset-xl-1\">\n                            <div class=\"contact__help-item white-bg text-center mb-30 wow fadeInLeft2 bdevs-box-content\"\n                                 data-wow-delay=\".3s\">\n                                \n                                <div class=\"contact__text\">\n                                                                            <h3 class=\"bdevs-box-title\">Email address<\/h3>\n                                                                                                                <p>contacto@mujeresxlanacion.org<\/p>\n                                                                                                        <\/div>\n                            <\/div>\n                        <\/div>\n                                    <\/div>\n            <\/div>\n        <\/section>\n\n        \t\t<\/div>\n\t\t\t\t<\/div>\n\t\t\t\t\t<\/div>\n\t\t<\/div>\n\t\t\t\t\t<\/div>\n\t\t<\/section>\n\t\t\t\t<section class=\"elementor-section elementor-top-section elementor-element elementor-element-096ef32 elementor-section-full_width elementor-section-height-default elementor-section-height-default\" data-id=\"096ef32\" data-element_type=\"section\">\n\t\t\t\t\t\t<div class=\"elementor-container elementor-column-gap-default\">\n\t\t\t\t\t<div class=\"elementor-column elementor-col-100 elementor-top-column elementor-element elementor-element-ddc896f\" data-id=\"ddc896f\" data-element_type=\"column\">\n\t\t\t<div class=\"elementor-widget-wrap elementor-element-populated\">\n\t\t\t\t\t\t<div class=\"elementor-element elementor-element-f9ea405 de_scroll_animation_no elementor-widget elementor-widget-google_maps\" data-id=\"f9ea405\" data-element_type=\"widget\" data-widget_type=\"google_maps.default\">\n\t\t\t\t<div class=\"elementor-widget-container\">\n\t\t\t\t\t<div class=\"elementor-custom-embed\">\n\t\t\t<iframe loading=\"lazy\"\n\t\t\t\t\tsrc=\"https:\/\/maps.google.com\/maps?q=hipolito%20yrigoyen%20825&#038;t=m&#038;z=17&#038;output=embed&#038;iwloc=near\"\n\t\t\t\t\ttitle=\"hipolito yrigoyen 825\"\n\t\t\t\t\taria-label=\"hipolito yrigoyen 825\"\n\t\t\t><\/iframe>\n\t\t<\/div>\n\t\t\t\t<\/div>\n\t\t\t\t<\/div>\n\t\t\t\t\t<\/div>\n\t\t<\/div>\n\t\t\t\t\t<\/div>\n\t\t<\/section>\n\t\t\t\t<section class=\"elementor-section elementor-top-section elementor-element elementor-element-77083c4 elementor-section-boxed elementor-section-height-default elementor-section-height-default\" data-id=\"77083c4\" data-element_type=\"section\">\n\t\t\t\t\t\t<div class=\"elementor-container elementor-column-gap-default\">\n\t\t\t\t\t<div class=\"elementor-column elementor-col-100 elementor-top-column elementor-element elementor-element-3697b88\" data-id=\"3697b88\" data-element_type=\"column\">\n\t\t\t<div class=\"elementor-widget-wrap\">\n\t\t\t\t\t\t\t<\/div>\n\t\t<\/div>\n\t\t\t\t\t<\/div>\n\t\t<\/section>\n\t\t\t\t<section class=\"elementor-section elementor-top-section elementor-element elementor-element-788ca44 elementor-section-content-middle elementor-section-boxed elementor-section-height-default elementor-section-height-default\" data-id=\"788ca44\" data-element_type=\"section\" data-settings=\"{&quot;background_background&quot;:&quot;classic&quot;}\">\n\t\t\t\t\t\t<div class=\"elementor-container elementor-column-gap-default\">\n\t\t\t\t\t<div class=\"elementor-column elementor-col-33 elementor-top-column elementor-element elementor-element-ff66478\" data-id=\"ff66478\" data-element_type=\"column\">\n\t\t\t<div class=\"elementor-widget-wrap elementor-element-populated\">\n\t\t\t\t\t\t<div class=\"elementor-element elementor-element-4eb3759 de_scroll_animation_no elementor-widget elementor-widget-image\" data-id=\"4eb3759\" data-element_type=\"widget\" data-widget_type=\"image.default\">\n\t\t\t\t<div class=\"elementor-widget-container\">\n\t\t\t\t\t\t\t\t\t\t\t\t\t<img decoding=\"async\" width=\"300\" height=\"146\" src=\"https:\/\/mujeresxlanacion.org\/wp-content\/uploads\/2023\/03\/Recurso-1@2x-300x146.png\" class=\"attachment-medium size-medium wp-image-959\" alt=\"\" srcset=\"https:\/\/mujeresxlanacion.org\/wp-content\/uploads\/2023\/03\/Recurso-1@2x-300x146.png 300w, https:\/\/mujeresxlanacion.org\/wp-content\/uploads\/2023\/03\/Recurso-1@2x-768x374.png 768w, https:\/\/mujeresxlanacion.org\/wp-content\/uploads\/2023\/03\/Recurso-1@2x.png 910w\" sizes=\"(max-width: 300px) 100vw, 300px\" \/>\t\t\t\t\t\t\t\t\t\t\t\t\t<\/div>\n\t\t\t\t<\/div>\n\t\t\t\t\t<\/div>\n\t\t<\/div>\n\t\t\t\t<div class=\"elementor-column elementor-col-33 elementor-top-column elementor-element elementor-element-15d04f4\" data-id=\"15d04f4\" data-element_type=\"column\">\n\t\t\t<div class=\"elementor-widget-wrap elementor-element-populated\">\n\t\t\t\t\t\t<div class=\"elementor-element elementor-element-cbbc752 elementor-list-item-link-inline elementor-align-left elementor-mobile-align-center de_scroll_animation_no elementor-widget elementor-widget-icon-list\" data-id=\"cbbc752\" data-element_type=\"widget\" data-widget_type=\"icon-list.default\">\n\t\t\t\t<div class=\"elementor-widget-container\">\n\t\t\t\t\t<ul class=\"elementor-icon-list-items\">\n\t\t\t\t\t\t\t<li class=\"elementor-icon-list-item\">\n\t\t\t\t\t\t\t\t\t\t\t<a href=\"https:\/\/api.whatsapp.com\/send?phone=5491155772406&#038;text=Hola%2C%20vengo%20de%20la%20p%C3%A1gina%20web%2C%20me%20interesar%C3%ADa%20recibir%20m%C3%A1s%20informaci%C3%B3n%20sobre...\" target=\"_blank\" rel=\"nofollow\">\n\n\t\t\t\t\t\t\t\t\t\t\t\t<span class=\"elementor-icon-list-icon\">\n\t\t\t\t\t\t\t<i aria-hidden=\"true\" class=\"fab fa-whatsapp\"><\/i>\t\t\t\t\t\t<\/span>\n\t\t\t\t\t\t\t\t\t\t<span class=\"elementor-icon-list-text\">Whatsapp: +54 911-557-2406<\/span>\n\t\t\t\t\t\t\t\t\t\t\t<\/a>\n\t\t\t\t\t\t\t\t\t<\/li>\n\t\t\t\t\t\t\t\t<li class=\"elementor-icon-list-item\">\n\t\t\t\t\t\t\t\t\t\t\t<a href=\"https:\/\/maps.app.goo.gl\/xz5fzNCU32uziQEi6\" target=\"_blank\">\n\n\t\t\t\t\t\t\t\t\t\t\t\t<span class=\"elementor-icon-list-icon\">\n\t\t\t\t\t\t\t<i aria-hidden=\"true\" class=\"fas fa-location-arrow\"><\/i>\t\t\t\t\t\t<\/span>\n\t\t\t\t\t\t\t\t\t\t<span class=\"elementor-icon-list-text\">Direcci\u00f3n: Av. Hipolito Yrigoyen 825, Caba Buenos Aires.<\/span>\n\t\t\t\t\t\t\t\t\t\t\t<\/a>\n\t\t\t\t\t\t\t\t\t<\/li>\n\t\t\t\t\t\t\t\t<li class=\"elementor-icon-list-item\">\n\t\t\t\t\t\t\t\t\t\t\t<a href=\"https:\/\/www.instagram.com\/mujeresxlanacion\/\" target=\"_blank\" rel=\"nofollow\">\n\n\t\t\t\t\t\t\t\t\t\t\t\t<span class=\"elementor-icon-list-icon\">\n\t\t\t\t\t\t\t<i aria-hidden=\"true\" class=\"icon icon-instagram-1\"><\/i>\t\t\t\t\t\t<\/span>\n\t\t\t\t\t\t\t\t\t\t<span class=\"elementor-icon-list-text\">Instagram: @mujeresxlanacion<\/span>\n\t\t\t\t\t\t\t\t\t\t\t<\/a>\n\t\t\t\t\t\t\t\t\t<\/li>\n\t\t\t\t\t\t\t\t<li class=\"elementor-icon-list-item\">\n\t\t\t\t\t\t\t\t\t\t\t<a href=\"https:\/\/www.facebook.com\/Mujeresxlanacion\" target=\"_blank\" rel=\"nofollow\">\n\n\t\t\t\t\t\t\t\t\t\t\t\t<span class=\"elementor-icon-list-icon\">\n\t\t\t\t\t\t\t<i aria-hidden=\"true\" class=\"icon icon-facebook-2\"><\/i>\t\t\t\t\t\t<\/span>\n\t\t\t\t\t\t\t\t\t\t<span class=\"elementor-icon-list-text\">Facebook: @Mujeresxlanacion<\/span>\n\t\t\t\t\t\t\t\t\t\t\t<\/a>\n\t\t\t\t\t\t\t\t\t<\/li>\n\t\t\t\t\t\t<\/ul>\n\t\t\t\t<\/div>\n\t\t\t\t<\/div>\n\t\t\t\t\t<\/div>\n\t\t<\/div>\n\t\t\t\t<div class=\"elementor-column elementor-col-33 elementor-top-column elementor-element elementor-element-6563c77\" data-id=\"6563c77\" data-element_type=\"column\">\n\t\t\t<div class=\"elementor-widget-wrap elementor-element-populated\">\n\t\t\t\t\t\t<div class=\"elementor-element elementor-element-4200a5d de_scroll_animation_no elementor-widget elementor-widget-heading bdevs-el heading\" data-id=\"4200a5d\" data-element_type=\"widget\" data-settings=\"{&quot;design_style&quot;:&quot;style_1&quot;}\" data-widget_type=\"heading.default\">\n\t\t\t\t<div class=\"elementor-widget-container\">\n\t\t\t\n\n    \n\n                <div class=\"section__title-wrapper\">\n            \n           <h6 class=\"section__title bdevs-el-title\" data-wow-delay=\".2s\">Areas<\/h6>\n                    <\/div>\n                \n        \t\t<\/div>\n\t\t\t\t<\/div>\n\t\t\t\t<div class=\"elementor-element elementor-element-5f78f4f elementor-list-item-link-inline elementor-align-left elementor-mobile-align-center elementor-icon-list--layout-traditional de_scroll_animation_no elementor-widget elementor-widget-icon-list\" data-id=\"5f78f4f\" data-element_type=\"widget\" data-widget_type=\"icon-list.default\">\n\t\t\t\t<div class=\"elementor-widget-container\">\n\t\t\t\t\t<ul class=\"elementor-icon-list-items\">\n\t\t\t\t\t\t\t<li class=\"elementor-icon-list-item\">\n\t\t\t\t\t\t\t\t\t\t\t<a href=\"https:\/\/api.whatsapp.com\/send?phone=5491155772406&#038;text=Hola%2C%20vengo%20de%20la%20p%C3%A1gina%20web%2C%20me%20interesar%C3%ADa%20recibir%20m%C3%A1s%20informaci%C3%B3n%20sobre...\">\n\n\t\t\t\t\t\t\t\t\t\t\t<span class=\"elementor-icon-list-text\">Domestic Violence<\/span>\n\t\t\t\t\t\t\t\t\t\t\t<\/a>\n\t\t\t\t\t\t\t\t\t<\/li>\n\t\t\t\t\t\t\t\t<li class=\"elementor-icon-list-item\">\n\t\t\t\t\t\t\t\t\t\t<span class=\"elementor-icon-list-text\">Child Abuse<\/span>\n\t\t\t\t\t\t\t\t\t<\/li>\n\t\t\t\t\t\t\t\t<li class=\"elementor-icon-list-item\">\n\t\t\t\t\t\t\t\t\t\t\t<a href=\"https:\/\/www.instagram.com\/mujeresxlanacion\/\">\n\n\t\t\t\t\t\t\t\t\t\t\t<span class=\"elementor-icon-list-text\">Human Trafficking<\/span>\n\t\t\t\t\t\t\t\t\t\t\t<\/a>\n\t\t\t\t\t\t\t\t\t<\/li>\n\t\t\t\t\t\t\t\t<li class=\"elementor-icon-list-item\">\n\t\t\t\t\t\t\t\t\t\t\t<a href=\"https:\/\/www.facebook.com\/Mujeresxlanacion\">\n\n\t\t\t\t\t\t\t\t\t\t\t<span class=\"elementor-icon-list-text\">Addictions<\/span>\n\t\t\t\t\t\t\t\t\t\t\t<\/a>\n\t\t\t\t\t\t\t\t\t<\/li>\n\t\t\t\t\t\t\t\t<li class=\"elementor-icon-list-item\">\n\t\t\t\t\t\t\t\t\t\t<span class=\"elementor-icon-list-text\">Vulnerable Pregnancy<\/span>\n\t\t\t\t\t\t\t\t\t<\/li>\n\t\t\t\t\t\t<\/ul>\n\t\t\t\t<\/div>\n\t\t\t\t<\/div>\n\t\t\t\t\t<\/div>\n\t\t<\/div>\n\t\t\t\t\t<\/div>\n\t\t<\/section>\n\t\t\t\t<\/div>","protected":false},"excerpt":{"rendered":"<p>Contacto Please enable JavaScript in your browser to complete this form.Nombre y Apellido *FirstLastCorreo Electr\u00f3nico *Tel\u00e9fonoEjes *Asistencia en violencia intrafamiliarAbuso infantilTrata de PersonasAdiccionesEmbarazo vulnerableComentario Enviar N\u00famero de Atenci\u00f3n +54 9 11 5577-2406 Correo Electr\u00f3nico contacto@mujeresxlanacion.org Whatsapp: +54 911-557-2406 Direcci\u00f3n: Av. Hipolito Yrigoyen 825, Caba Buenos Aires. Instagram: @mujeresxlanacion Facebook: @Mujeresxlanacion [&hellip;]<\/p>","protected":false},"author":1,"featured_media":0,"parent":0,"menu_order":0,"comment_status":"closed","ping_status":"closed","template":"page-templates\/template-pagebuilder-full-width.php","meta":{"_acf_changed":false,"_joinchat":[],"footnotes":""},"class_list":["post-2509","page","type-page","status-publish","hentry"],"acf":[],"_links":{"self":[{"href":"https:\/\/mujeresxlanacion.org\/en\/wp-json\/wp\/v2\/pages\/2509","targetHints":{"allow":["GET"]}}],"collection":[{"href":"https:\/\/mujeresxlanacion.org\/en\/wp-json\/wp\/v2\/pages"}],"about":[{"href":"https:\/\/mujeresxlanacion.org\/en\/wp-json\/wp\/v2\/types\/page"}],"author":[{"embeddable":true,"href":"https:\/\/mujeresxlanacion.org\/en\/wp-json\/wp\/v2\/users\/1"}],"replies":[{"embeddable":true,"href":"https:\/\/mujeresxlanacion.org\/en\/wp-json\/wp\/v2\/comments?post=2509"}],"version-history":[{"count":158,"href":"https:\/\/mujeresxlanacion.org\/en\/wp-json\/wp\/v2\/pages\/2509\/revisions"}],"predecessor-version":[{"id":2919,"href":"https:\/\/mujeresxlanacion.org\/en\/wp-json\/wp\/v2\/pages\/2509\/revisions\/2919"}],"wp:attachment":[{"href":"https:\/\/mujeresxlanacion.org\/en\/wp-json\/wp\/v2\/media?parent=2509"}],"curies":[{"name":"wp","href":"https:\/\/api.w.org\/{rel}","templated":true}]}}